{"id":2,"date":"2017-12-12T12:55:06","date_gmt":"2017-12-12T16:55:06","guid":{"rendered":"http:\/\/ayuntamiento.dev\/transparencia\/?page_id=2"},"modified":"2025-04-30T17:05:30","modified_gmt":"2025-04-30T21:05:30","slug":"inicio","status":"publish","type":"page","link":"https:\/\/www.distritomunicipaljumabejucal.gob.do\/transparencia\/","title":{"rendered":"Inicio"},"content":{"rendered":"<p><span style=\"font-size: 14pt\"><strong>INFORMACIONES PARA LIBRE ACCESO A LA INFORMACION.<\/strong><\/span><\/p>\n<p><span style=\"font-size: 14pt\">La Junta Del Distrito Juma Bejucal, tiene como objetivo primordial mostrar transparencia en cada una de las ejecuciones de los fondos p\u00fablicos. Motivando a la confianza de sus ciudadanos, Por eso crea el portal de libre acceso a la informaci\u00f3n con la finalidad de que la comunidad est\u00e9 informada y sea participe en cada una\u00a0 de los proyectos y obras a realizar en dicho Distrito.<\/span><\/p>\n<p><span style=\"font-size: 14pt\"><strong>Visi\u00f3n<\/strong><\/span><\/p>\n<p><span style=\"font-size: 14pt\">Dar sost\u00e9n a los valores de honestidad, integridad, eficiencia, eficacia, calidad y trabajo en equipo de la Armada de Rep\u00fablica Dominicana, apoyando as\u00ed los esfuerzos de transparencia institucional.<\/span><\/p>\n<p><span style=\"font-size: 14pt\"><strong>Misi\u00f3n<\/strong><\/span><\/p>\n<p><span style=\"font-size: 14pt\">Garantizar el acceso de los usuarios a la informaci\u00f3n sobre la gesti\u00f3n de la Armada de Rep\u00fablica Dominicana como una forma de validar la transparencia de la instituci\u00f3n.<\/span><\/p>\n<p><span style=\"font-size: 14pt\"><strong>Definici\u00f3n RAI<\/strong><\/span><\/p>\n<p><span style=\"font-size: 14pt\">El representante de Acceso a la Informaci\u00f3n, es el responsable de tramitar y facilitar las informaciones requeridas y de ser el canal de comunicaci\u00f3n entre la instituci\u00f3n, ciudadanos y ciudadanas.<\/span><\/p>\n<p><span style=\"font-size: 14pt\"><strong>\u00a0<\/strong><strong>Proceso de Solicitud de Informaci\u00f3n:<\/strong><\/span><\/p>\n<p><span style=\"font-size: 14pt\">Completar el formulario de solicitud de informaci\u00f3n.<\/span><\/p>\n<p><span style=\"font-size: 14pt\">Se procede a la revisi\u00f3n de dicho documento con la finalidad de verificar que est\u00e1 debidamente completada(o).<\/span><\/p>\n<p><span style=\"font-size: 14pt\">Se hace entrega de acuse de recibo al solicitante.<\/span><\/p>\n<p><span style=\"font-size: 14pt\">Seg\u00fan la complejidad de la informaci\u00f3n, se asigna una fecha de entrega. En caso de no ser la OPTIC la entidad competente para ofrecer la informaci\u00f3n requerida, dicha solicitud se refiere a la instituci\u00f3n correspondiente y se le informa al solicitante, el curso que ha tomado su solicitud y la instituci\u00f3n destinataria.<\/span><\/p>\n<p><span style=\"font-size: 14pt\">Seguimiento de la(s) solicitud(es) hasta confirmar que se ha suministrado la informaci\u00f3n.<\/span><\/p>\n<p><span style=\"font-size: 14pt\"><strong>\u00a0<\/strong><strong>ESTRUCTURA ORGANIZACIONAL.<\/strong><\/span><\/p>\n<p><span style=\"font-size: 14pt\">Consta de una oficina compartida\u00a0 con el \u00e1rea de informaci\u00f3n, bienes muebles, una silla ejecutiva, un computadora con impresora compartida con el \u00e1rea de caja, tel\u00e9fono,<\/span><\/p>\n<p><span style=\"font-size: 14pt\"><strong>ESTADISTICA DE LA OAIM.<\/strong><\/span><\/p>\n<p><span style=\"font-size: 14pt\">En el correo.<\/span><\/p>\n<p><span style=\"font-size: 14pt\"><strong>Responsable de libre acceso a la informaci\u00f3n Distrital<\/strong><\/span><\/p>\n<p><span style=\"font-size: 14pt\"><strong>RAIM.<\/strong><\/span><\/p>\n<p><span style=\"font-size: 14pt\"><strong>Lic. Melvin Marte<\/strong><\/span><\/p>\n<p><span style=\"font-size: 14pt\"><strong>Tel\u00e9fonos 809-296-2726<\/strong><\/span><\/p>\n<h5>Mail: libreaccesoalainformacion@distritomunicipaljumabejucal.gob.do<\/h5>\n<p><span style=\"font-size: 14pt\"><strong>Direcci\u00f3n: Duarte No.49 Juma, Bonao, Provincia Monse\u00f1or Nouel, RD<\/strong><\/span><\/p>\n","protected":false},"excerpt":{"rendered":"INFORMACIONES PARA LIBRE ACCESO A LA INFORMACION. La Junta Del Distrito Juma Bejucal, tiene como objetivo primordial mostrar transparencia en cada una de las ejecuciones de los fondos p\u00fablicos. Motivando a la confianza de sus ciudadanos, Por eso crea el portal de libre acceso a la informaci\u00f3n con la finalidad de que la comunidad est\u00e9&#8230;","protected":false},"author":4,"featured_media":0,"parent":0,"menu_order":0,"comment_status":"closed","ping_status":"closed","template":"template-home.php","meta":[],"acf":[],"_links":{"self":[{"href":"https:\/\/www.distritomunicipaljumabejucal.gob.do\/transparencia\/wp-json\/wp\/v2\/pages\/2"}],"collection":[{"href":"https:\/\/www.distritomunicipaljumabejucal.gob.do\/transparencia\/wp-json\/wp\/v2\/pages"}],"about":[{"href":"https:\/\/www.distritomunicipaljumabejucal.gob.do\/transparencia\/wp-json\/wp\/v2\/types\/page"}],"author":[{"embeddable":true,"href":"https:\/\/www.distritomunicipaljumabejucal.gob.do\/transparencia\/wp-json\/wp\/v2\/users\/4"}],"replies":[{"embeddable":true,"href":"https:\/\/www.distritomunicipaljumabejucal.gob.do\/transparencia\/wp-json\/wp\/v2\/comments?post=2"}],"version-history":[{"count":10,"href":"https:\/\/www.distritomunicipaljumabejucal.gob.do\/transparencia\/wp-json\/wp\/v2\/pages\/2\/revisions"}],"predecessor-version":[{"id":1938,"href":"https:\/\/www.distritomunicipaljumabejucal.gob.do\/transparencia\/wp-json\/wp\/v2\/pages\/2\/revisions\/1938"}],"wp:attachment":[{"href":"https:\/\/www.distritomunicipaljumabejucal.gob.do\/transparencia\/wp-json\/wp\/v2\/media?parent=2"}],"curies":[{"name":"wp","href":"https:\/\/api.w.org\/{rel}","templated":true}]}}